{"id":3868,"date":"2024-01-08T13:52:57","date_gmt":"2024-01-08T13:52:57","guid":{"rendered":"https:\/\/heftisports.ch\/hiver\/service\/ski-service\/"},"modified":"2025-10-30T08:29:28","modified_gmt":"2025-10-30T08:29:28","slug":"service-ski","status":"publish","type":"page","link":"https:\/\/heftisports.ch\/fr\/hiver\/service\/service-ski\/","title":{"rendered":"Service Ski"},"content":{"rendered":"<p><div class=\"fusion-fullwidth fullwidth-box fusion-builder-row-1 fusion-flex-container has-pattern-background has-mask-background fusion-parallax-none nonhundred-percent-fullwidth non-hundred-percent-height-scrolling\" style=\"--awb-border-radius-top-left:0px;--awb-border-radius-top-right:0px;--awb-border-radius-bottom-right:0px;--awb-border-radius-bottom-left:0px;--awb-padding-top:310px;--awb-padding-bottom:45px;--awb-margin-bottom:60px;--awb-background-image:url(&quot;https:\/\/heftisports.ch\/wp-content\/uploads\/2024\/02\/03_Molitor_Command_RGB-e1540292736472.jpg&quot;);--awb-background-size:cover;--awb-flex-wrap:wrap;\" ><div class=\"fusion-builder-row fusion-row fusion-flex-align-items-flex-start fusion-flex-content-wrap\" style=\"max-width:1248px;margin-left: calc(-4% \/ 2 );margin-right: calc(-4% \/ 2 );\"><div class=\"fusion-layout-column fusion_builder_column fusion-builder-column-0 fusion_builder_column_1_2 1_2 fusion-flex-column\" style=\"--awb-bg-size:cover;--awb-width-large:50%;--awb-margin-top-large:0px;--awb-spacing-right-large:3.84%;--awb-margin-bottom-large:20px;--awb-spacing-left-large:3.84%;--awb-width-medium:50%;--awb-order-medium:0;--awb-spacing-right-medium:3.84%;--awb-spacing-left-medium:3.84%;--awb-width-small:100%;--awb-order-small:0;--awb-spacing-right-small:1.92%;--awb-spacing-left-small:1.92%;\"><div class=\"fusion-column-wrapper fusion-column-has-shadow fusion-flex-justify-content-flex-start fusion-content-layout-column\"><div class=\"fusion-title title fusion-title-1 fusion-sep-none fusion-title-text fusion-title-size-one\" style=\"--awb-text-color:var(--awb-color1);--awb-margin-top-small:10px;--awb-margin-right-small:0px;--awb-margin-bottom-small:10px;--awb-margin-left-small:0px;\"><h1 class=\"fusion-title-heading title-heading-left\" style=\"margin:0;\">Service Ski<\/h1><\/div><div class=\"fusion-text fusion-text-1\" style=\"--awb-text-color:var(--awb-color1);\"><p>Donnez de la vie \u00e0 vos ski!<\/p>\n<\/div><div ><a class=\"fusion-button button-flat fusion-button-default-size button-default fusion-button-default button-1 fusion-button-default-span fusion-button-default-type\" style=\"--button-border-radius-top-left:0;--button-border-radius-top-right:0;--button-border-radius-bottom-right:0;--button-border-radius-bottom-left:0;\" target=\"_blank\" rel=\"noopener noreferrer\" href=\"https:\/\/heftisports.ch\/wp-content\/uploads\/2025\/10\/tarifs-service-25-26.pdf\"><i class=\"fa-file-pdf fas awb-button__icon awb-button__icon--default button-icon-left\" aria-hidden=\"true\"><\/i><span class=\"fusion-button-text awb-button__text awb-button__text--default\">Nos tarifs de services<\/span><\/a><\/div><\/div><\/div><div class=\"fusion-layout-column fusion_builder_column fusion-builder-column-1 fusion_builder_column_1_2 1_2 fusion-flex-column\" style=\"--awb-bg-size:cover;--awb-width-large:50%;--awb-margin-top-large:0px;--awb-spacing-right-large:3.84%;--awb-margin-bottom-large:20px;--awb-spacing-left-large:3.84%;--awb-width-medium:50%;--awb-order-medium:0;--awb-spacing-right-medium:3.84%;--awb-spacing-left-medium:3.84%;--awb-width-small:100%;--awb-order-small:0;--awb-spacing-right-small:1.92%;--awb-spacing-left-small:1.92%;\"><div class=\"fusion-column-wrapper fusion-column-has-shadow fusion-flex-justify-content-flex-start fusion-content-layout-column\"><\/div><\/div><\/div><\/div><div class=\"fusion-fullwidth fullwidth-box fusion-builder-row-2 fusion-flex-container has-pattern-background has-mask-background nonhundred-percent-fullwidth non-hundred-percent-height-scrolling\" style=\"--awb-border-radius-top-left:0px;--awb-border-radius-top-right:0px;--awb-border-radius-bottom-right:0px;--awb-border-radius-bottom-left:0px;--awb-padding-top:60px;--awb-padding-bottom:60px;--awb-margin-top:60px;--awb-margin-bottom:60px;--awb-flex-wrap:wrap;\" ><div class=\"fusion-builder-row fusion-row fusion-flex-align-items-flex-start fusion-flex-content-wrap\" style=\"max-width:1248px;margin-left: calc(-4% \/ 2 );margin-right: calc(-4% \/ 2 );\"><div class=\"fusion-layout-column fusion_builder_column fusion-builder-column-2 fusion_builder_column_1_2 1_2 fusion-flex-column\" style=\"--awb-bg-size:cover;--awb-width-large:50%;--awb-margin-top-large:0px;--awb-spacing-right-large:3.84%;--awb-margin-bottom-large:20px;--awb-spacing-left-large:3.84%;--awb-width-medium:50%;--awb-order-medium:0;--awb-spacing-right-medium:3.84%;--awb-spacing-left-medium:3.84%;--awb-width-small:100%;--awb-order-small:0;--awb-spacing-right-small:1.92%;--awb-spacing-left-small:1.92%;\"><div class=\"fusion-column-wrapper fusion-column-has-shadow fusion-flex-justify-content-flex-start fusion-content-layout-column\"><div class=\"fusion-text fusion-text-2\"><p>Une semelle et des carres en mauvais \u00e9tat peuvent enlever jusqu\u2019\u00e0 50%, voire plus, de la performance du ski ou du snowboard.<\/p>\n<p>Une simple journ\u00e9e de ski suffit \u00e0 rendre une semelle s\u00e8che donc blanche et des carres dites rondes qui ne tiennent plus sur la glace. La semelle doit donc \u00eatre nourrie par fartage, le ski remis \u00e0 plat (boucher les trous \u00e9ventuels) et les carres aiguis\u00e9es.<\/p>\n<p><img decoding=\"async\" class=\"alignnone size-full wp-image-339\" src=\"https:\/\/heftisports.ch\/wp-content\/uploads\/2024\/02\/ski-service.png\" alt=\"\" width=\"504\" height=\"141\" srcset=\"https:\/\/heftisports.ch\/wp-content\/uploads\/2024\/02\/ski-service-200x56.png 200w, https:\/\/heftisports.ch\/wp-content\/uploads\/2024\/02\/ski-service-300x84.png 300w, https:\/\/heftisports.ch\/wp-content\/uploads\/2024\/02\/ski-service-400x112.png 400w, https:\/\/heftisports.ch\/wp-content\/uploads\/2024\/02\/ski-service.png 504w\" sizes=\"(max-width: 504px) 100vw, 504px\" \/><\/p>\n<p>Un ski bien pr\u00e9par\u00e9, optimise la glisse et donc aide le d\u00e9clenchement de chaque virage. Des carres bien aff\u00fbt\u00e9es avec la technologie V-Edge rendent le ski plus \u00ab accrocheur \u00bb sur la glace d\u2019o\u00f9 une fatigue musculaire moins accrue.<\/p>\n<p>Notre atelier de r\u00e9parations et nos sp\u00e9cialistes sont situ\u00e9s dans la r\u00e9gion du Chablais, \u00e0 seulement 1h30 de voiture de Gen\u00e8ve, 50 minutes de Lausanne et 35 minutes de la r\u00e9gion Vevey-Montreux.<\/p>\n<p><img decoding=\"async\" class=\"alignnone size-full wp-image-5360\" src=\"https:\/\/heftisports.ch\/wp-content\/uploads\/2024\/10\/wintersteiger-sports-news-jupiter-02_8c4290eac53cc2d866f83e4d4e2437da.webp\" alt=\"\" width=\"567\" height=\"374\" srcset=\"https:\/\/heftisports.ch\/wp-content\/uploads\/2024\/10\/wintersteiger-sports-news-jupiter-02_8c4290eac53cc2d866f83e4d4e2437da-200x132.webp 200w, https:\/\/heftisports.ch\/wp-content\/uploads\/2024\/10\/wintersteiger-sports-news-jupiter-02_8c4290eac53cc2d866f83e4d4e2437da-300x198.webp 300w, https:\/\/heftisports.ch\/wp-content\/uploads\/2024\/10\/wintersteiger-sports-news-jupiter-02_8c4290eac53cc2d866f83e4d4e2437da-400x264.webp 400w, https:\/\/heftisports.ch\/wp-content\/uploads\/2024\/10\/wintersteiger-sports-news-jupiter-02_8c4290eac53cc2d866f83e4d4e2437da.webp 567w\" sizes=\"(max-width: 567px) 100vw, 567px\" \/><\/p>\n<\/div><\/div><\/div><div class=\"fusion-layout-column fusion_builder_column fusion-builder-column-3 fusion_builder_column_1_2 1_2 fusion-flex-column\" style=\"--awb-bg-size:cover;--awb-width-large:50%;--awb-margin-top-large:0px;--awb-spacing-right-large:3.84%;--awb-margin-bottom-large:20px;--awb-spacing-left-large:3.84%;--awb-width-medium:50%;--awb-order-medium:0;--awb-spacing-right-medium:3.84%;--awb-spacing-left-medium:3.84%;--awb-width-small:100%;--awb-order-small:0;--awb-spacing-right-small:1.92%;--awb-spacing-left-small:1.92%;\"><div class=\"fusion-column-wrapper fusion-column-has-shadow fusion-flex-justify-content-flex-start fusion-content-layout-column\"><div class=\"fusion-video fusion-youtube\" style=\"--awb-max-width:600px;--awb-max-height:360px;--awb-align-self:flex-end;--awb-width:100%;\"><div class=\"video-shortcode\"><div class=\"fluid-width-video-wrapper\" style=\"padding-top:60%;\" ><iframe title=\"YouTube video player 1\" src=\"https:\/\/www.youtube.com\/embed\/7W9NuMBf2CQ?wmode=transparent&autoplay=0\" width=\"600\" height=\"360\" allowfullscreen allow=\"autoplay; clipboard-write; encrypted-media; gyroscope; picture-in-picture;\"><\/iframe><\/div><\/div><\/div><\/div><\/div><\/div><\/div><div class=\"fusion-fullwidth fullwidth-box fusion-builder-row-3 fusion-flex-container nonhundred-percent-fullwidth non-hundred-percent-height-scrolling\" style=\"--awb-border-radius-top-left:0px;--awb-border-radius-top-right:0px;--awb-border-radius-bottom-right:0px;--awb-border-radius-bottom-left:0px;--awb-padding-top:60px;--awb-padding-bottom:60px;--awb-margin-top:60px;--awb-margin-bottom:60px;--awb-flex-wrap:wrap;\" ><div class=\"fusion-builder-row fusion-row fusion-flex-align-items-flex-start fusion-flex-content-wrap\" style=\"max-width:1248px;margin-left: calc(-4% \/ 2 );margin-right: calc(-4% \/ 2 );\"><div class=\"fusion-layout-column fusion_builder_column fusion-builder-column-4 fusion_builder_column_1_2 1_2 fusion-flex-column\" style=\"--awb-bg-blend:overlay;--awb-bg-size:cover;--awb-width-large:50%;--awb-margin-top-large:0px;--awb-spacing-right-large:3.84%;--awb-margin-bottom-large:0px;--awb-spacing-left-large:3.84%;--awb-width-medium:50%;--awb-spacing-right-medium:3.84%;--awb-spacing-left-medium:3.84%;--awb-width-small:100%;--awb-spacing-right-small:1.92%;--awb-spacing-left-small:1.92%;\"><div class=\"fusion-column-wrapper fusion-flex-justify-content-flex-start fusion-content-layout-column\"><div class=\"fusion-title title fusion-title-2 fusion-sep-none fusion-title-text fusion-title-size-four\" style=\"--awb-margin-top-small:10px;--awb-margin-right-small:0px;--awb-margin-bottom-small:10px;--awb-margin-left-small:0px;\"><h4 class=\"fusion-title-heading title-heading-left\" style=\"margin:0;\">Notre Machine<\/h4><\/div><div class=\"fusion-image-element \" style=\"--awb-margin-top:50px;--awb-caption-title-font-family:var(--h2_typography-font-family);--awb-caption-title-font-weight:var(--h2_typography-font-weight);--awb-caption-title-font-style:var(--h2_typography-font-style);--awb-caption-title-size:var(--h2_typography-font-size);--awb-caption-title-transform:var(--h2_typography-text-transform);--awb-caption-title-line-height:var(--h2_typography-line-height);--awb-caption-title-letter-spacing:var(--h2_typography-letter-spacing);\"><span class=\" fusion-imageframe imageframe-none imageframe-1 hover-type-none\"><img decoding=\"async\" width=\"900\" height=\"900\" title=\"WintersteigerJupiter\" src=\"https:\/\/heftisports.ch\/wp-content\/uploads\/2024\/10\/WintersteigerJupiter.jpg\" alt class=\"img-responsive wp-image-5347\" srcset=\"https:\/\/heftisports.ch\/wp-content\/uploads\/2024\/10\/WintersteigerJupiter-200x200.jpg 200w, https:\/\/heftisports.ch\/wp-content\/uploads\/2024\/10\/WintersteigerJupiter-400x400.jpg 400w, https:\/\/heftisports.ch\/wp-content\/uploads\/2024\/10\/WintersteigerJupiter-600x600.jpg 600w, https:\/\/heftisports.ch\/wp-content\/uploads\/2024\/10\/WintersteigerJupiter-800x800.jpg 800w, https:\/\/heftisports.ch\/wp-content\/uploads\/2024\/10\/WintersteigerJupiter.jpg 900w\" sizes=\"(max-width: 640px) 100vw, 600px\" \/><\/span><\/div><\/div><\/div><div class=\"fusion-layout-column fusion_builder_column fusion-builder-column-5 fusion_builder_column_1_2 1_2 fusion-flex-column\" style=\"--awb-bg-size:cover;--awb-width-large:50%;--awb-margin-top-large:0px;--awb-spacing-right-large:3.84%;--awb-margin-bottom-large:20px;--awb-spacing-left-large:3.84%;--awb-width-medium:50%;--awb-order-medium:0;--awb-spacing-right-medium:3.84%;--awb-spacing-left-medium:3.84%;--awb-width-small:100%;--awb-order-small:0;--awb-spacing-right-small:1.92%;--awb-spacing-left-small:1.92%;\"><div class=\"fusion-column-wrapper fusion-column-has-shadow fusion-flex-justify-content-flex-start fusion-content-layout-column\"><div class=\"fusion-image-element \" style=\"--awb-margin-top:0px;--awb-margin-right:100px;--awb-margin-bottom:50px;--awb-margin-left:100px;--awb-caption-title-font-family:var(--h2_typography-font-family);--awb-caption-title-font-weight:var(--h2_typography-font-weight);--awb-caption-title-font-style:var(--h2_typography-font-style);--awb-caption-title-size:var(--h2_typography-font-size);--awb-caption-title-transform:var(--h2_typography-text-transform);--awb-caption-title-line-height:var(--h2_typography-line-height);--awb-caption-title-letter-spacing:var(--h2_typography-letter-spacing);\"><span class=\" fusion-imageframe imageframe-none imageframe-2 hover-type-none\"><img decoding=\"async\" width=\"427\" height=\"118\" title=\"wintersteigerlogo\" src=\"https:\/\/heftisports.ch\/wp-content\/uploads\/2024\/10\/wintersteigerlogo.png\" alt class=\"img-responsive wp-image-5345\" srcset=\"https:\/\/heftisports.ch\/wp-content\/uploads\/2024\/10\/wintersteigerlogo-200x55.png 200w, https:\/\/heftisports.ch\/wp-content\/uploads\/2024\/10\/wintersteigerlogo-400x111.png 400w, https:\/\/heftisports.ch\/wp-content\/uploads\/2024\/10\/wintersteigerlogo.png 427w\" sizes=\"(max-width: 640px) 100vw, 427px\" \/><\/span><\/div><div class=\"fusion-text fusion-text-3\"><ul>\n<li>Carre positive et n\u00e9gative avec disques c\u00e9ramique<\/li>\n<li>Technologie innovante V-Edge, les carres lat\u00e9rales et inf\u00e9rieures sont aff\u00fbt\u00e9es avec des angles variables \u00e0 l\u2019avant et \u00e0 l\u2019arri\u00e8re du ski.<\/li>\n<li>2 pierres pour les structures loisir, sportives ou comp\u00e9tition<\/li>\n<li>Module de finition<\/li>\n<\/ul>\n<\/div><\/div><\/div><\/div><\/div><div class=\"fusion-fullwidth fullwidth-box fusion-builder-row-4 fusion-flex-container has-pattern-background has-mask-background nonhundred-percent-fullwidth non-hundred-percent-height-scrolling\" style=\"--awb-border-radius-top-left:0px;--awb-border-radius-top-right:0px;--awb-border-radius-bottom-right:0px;--awb-border-radius-bottom-left:0px;--awb-padding-top:60px;--awb-padding-bottom:40px;--awb-margin-top:0px;--awb-background-color:#009e9d;--awb-flex-wrap:wrap;\" ><div class=\"fusion-builder-row fusion-row fusion-flex-align-items-flex-start fusion-flex-content-wrap\" style=\"max-width:1248px;margin-left: calc(-4% \/ 2 );margin-right: calc(-4% \/ 2 );\"><div class=\"fusion-layout-column fusion_builder_column fusion-builder-column-6 fusion_builder_column_1_3 1_3 fusion-flex-column\" style=\"--awb-bg-size:cover;--awb-width-large:33.333333333333%;--awb-margin-top-large:0px;--awb-spacing-right-large:5.76%;--awb-margin-bottom-large:20px;--awb-spacing-left-large:5.76%;--awb-width-medium:33.333333333333%;--awb-order-medium:0;--awb-spacing-right-medium:5.76%;--awb-spacing-left-medium:5.76%;--awb-width-small:100%;--awb-order-small:0;--awb-spacing-right-small:1.92%;--awb-spacing-left-small:1.92%;\"><div class=\"fusion-column-wrapper fusion-column-has-shadow fusion-flex-justify-content-flex-start fusion-content-layout-column\"><div class=\"fusion-image-element \" style=\"--awb-margin-right:50px;--awb-margin-left:50px;--awb-caption-title-font-family:var(--h2_typography-font-family);--awb-caption-title-font-weight:var(--h2_typography-font-weight);--awb-caption-title-font-style:var(--h2_typography-font-style);--awb-caption-title-size:var(--h2_typography-font-size);--awb-caption-title-transform:var(--h2_typography-text-transform);--awb-caption-title-line-height:var(--h2_typography-line-height);--awb-caption-title-letter-spacing:var(--h2_typography-letter-spacing);\"><span class=\" fusion-imageframe imageframe-none imageframe-3 hover-type-none\"><img decoding=\"async\" width=\"1280\" height=\"720\" title=\"bfu_skivignette2024_sticker\" src=\"https:\/\/heftisports.ch\/wp-content\/uploads\/2024\/10\/bfu_skivignette2024_sticker-1.webp\" alt class=\"img-responsive wp-image-5362\" srcset=\"https:\/\/heftisports.ch\/wp-content\/uploads\/2024\/10\/bfu_skivignette2024_sticker-1-200x113.webp 200w, https:\/\/heftisports.ch\/wp-content\/uploads\/2024\/10\/bfu_skivignette2024_sticker-1-400x225.webp 400w, https:\/\/heftisports.ch\/wp-content\/uploads\/2024\/10\/bfu_skivignette2024_sticker-1-600x338.webp 600w, https:\/\/heftisports.ch\/wp-content\/uploads\/2024\/10\/bfu_skivignette2024_sticker-1-800x450.webp 800w, https:\/\/heftisports.ch\/wp-content\/uploads\/2024\/10\/bfu_skivignette2024_sticker-1-1200x675.webp 1200w, https:\/\/heftisports.ch\/wp-content\/uploads\/2024\/10\/bfu_skivignette2024_sticker-1.webp 1280w\" sizes=\"(max-width: 640px) 100vw, 400px\" \/><\/span><\/div><\/div><\/div><div class=\"fusion-layout-column fusion_builder_column fusion-builder-column-7 fusion_builder_column_2_3 2_3 fusion-flex-column\" style=\"--awb-bg-size:cover;--awb-width-large:66.666666666667%;--awb-margin-top-large:0px;--awb-spacing-right-large:400px;--awb-margin-bottom-large:20px;--awb-spacing-left-large:50px;--awb-width-medium:66.666666666667%;--awb-order-medium:0;--awb-spacing-right-medium:400px;--awb-spacing-left-medium:50px;--awb-width-small:100%;--awb-order-small:0;--awb-spacing-right-small:1.92%;--awb-spacing-left-small:1.92%;\"><div class=\"fusion-column-wrapper fusion-column-has-shadow fusion-flex-justify-content-flex-start fusion-content-layout-column\"><div class=\"fusion-title title fusion-title-3 fusion-sep-none fusion-title-text fusion-title-size-four\" style=\"--awb-text-color:#605bb1;--awb-margin-bottom:2em;--awb-margin-top-small:10px;--awb-margin-right-small:0px;--awb-margin-bottom-small:10px;--awb-margin-left-small:0px;\"><h4 class=\"fusion-title-heading title-heading-left\" style=\"margin:0;text-shadow:0px 0px 34px var(--awb-color1);\">BPA (Bureau de pr\u00e9vention des accidents)<\/h4><\/div><div class=\"fusion-text fusion-text-4\" style=\"--awb-text-color:var(--awb-color1);\"><p>Nous disposons d&rsquo;une machine de contr\u00f4le de s\u00e9curit\u00e9 des fixations de ski BPA (Bureau de pr\u00e9vention des accidents). Cette machine mesure l&rsquo;efficacit\u00e9 de la fixation pour la sortie lat\u00e9rale et verticale avec la valeur r\u00e9el des ressorts. Faites un contr\u00f4le de vos fixation au d\u00e9but de chaque saison.<\/p>\n<\/div><\/div><\/div><\/div><\/div><\/p>\n","protected":false},"excerpt":{"rendered":"","protected":false},"author":1,"featured_media":0,"parent":3856,"menu_order":0,"comment_status":"closed","ping_status":"closed","template":"100-width.php","meta":{"footnotes":""},"class_list":["post-3868","page","type-page","status-publish","hentry"],"_links":{"self":[{"href":"https:\/\/heftisports.ch\/fr\/wp-json\/wp\/v2\/pages\/3868","targetHints":{"allow":["GET"]}}],"collection":[{"href":"https:\/\/heftisports.ch\/fr\/wp-json\/wp\/v2\/pages"}],"about":[{"href":"https:\/\/heftisports.ch\/fr\/wp-json\/wp\/v2\/types\/page"}],"author":[{"embeddable":true,"href":"https:\/\/heftisports.ch\/fr\/wp-json\/wp\/v2\/users\/1"}],"replies":[{"embeddable":true,"href":"https:\/\/heftisports.ch\/fr\/wp-json\/wp\/v2\/comments?post=3868"}],"version-history":[{"count":0,"href":"https:\/\/heftisports.ch\/fr\/wp-json\/wp\/v2\/pages\/3868\/revisions"}],"up":[{"embeddable":true,"href":"https:\/\/heftisports.ch\/fr\/wp-json\/wp\/v2\/pages\/3856"}],"wp:attachment":[{"href":"https:\/\/heftisports.ch\/fr\/wp-json\/wp\/v2\/media?parent=3868"}],"curies":[{"name":"wp","href":"https:\/\/api.w.org\/{rel}","templated":true}]}}